{"id":1726,"date":"2020-06-25T17:14:54","date_gmt":"2020-06-25T15:14:54","guid":{"rendered":"http:\/\/poleressourceshandicap49.fr\/?page_id=1726"},"modified":"2020-06-26T10:49:31","modified_gmt":"2020-06-26T08:49:31","slug":"cookies","status":"publish","type":"page","link":"https:\/\/poleressourceshandicap49.fr\/index.php\/cookies\/","title":{"rendered":"Cookies"},"content":{"rendered":"\t\t<div data-elementor-type=\"wp-page\" data-elementor-id=\"1726\" class=\"elementor elementor-1726\">\n\t\t\t\t\t\t<section class=\"elementor-section elementor-top-section elementor-element elementor-element-b780bfd elementor-section-content-middle elementor-section-stretched elementor-section-boxed elementor-section-height-default elementor-section-height-default\" data-id=\"b780bfd\" data-element_type=\"section\" data-e-type=\"section\" data-settings=\"{&quot;background_background&quot;:&quot;classic&quot;,&quot;stretch_section&quot;:&quot;section-stretched&quot;}\">\n\t\t\t\t\t\t\t<div class=\"elementor-background-overlay\"><\/div>\n\t\t\t\t\t\t\t<div class=\"elementor-container elementor-column-gap-wide\">\n\t\t\t\t\t<div class=\"elementor-column elementor-col-100 elementor-top-column elementor-element elementor-element-783f4e9e\" data-id=\"783f4e9e\" data-element_type=\"column\" data-e-type=\"column\">\n\t\t\t<div class=\"elementor-widget-wrap elementor-element-populated\">\n\t\t\t\t\t\t<div class=\"elementor-element elementor-element-c60b4a1 elementor-widget elementor-widget-heading\" data-id=\"c60b4a1\" data-element_type=\"widget\" data-e-type=\"widget\" data-widget_type=\"heading.default\">\n\t\t\t\t<div class=\"elementor-widget-container\">\n\t\t\t\t\t<h2 class=\"elementor-heading-title elementor-size-default\">Les Cookies<\/h2>\t\t\t\t<\/div>\n\t\t\t\t<\/div>\n\t\t\t\t<div class=\"elementor-element elementor-element-4ed5e3d9 elementor-widget-divider--view-line elementor-widget elementor-widget-divider\" data-id=\"4ed5e3d9\" data-element_type=\"widget\" data-e-type=\"widget\" data-widget_type=\"divider.default\">\n\t\t\t\t<div class=\"elementor-widget-container\">\n\t\t\t\t\t\t\t<div class=\"elementor-divider\">\n\t\t\t<span class=\"elementor-divider-separator\">\n\t\t\t\t\t\t<\/span>\n\t\t<\/div>\n\t\t\t\t\t\t<\/div>\n\t\t\t\t<\/div>\n\t\t\t\t\t<\/div>\n\t\t<\/div>\n\t\t\t\t\t<\/div>\n\t\t<\/section>\n\t\t\t\t<section class=\"elementor-section elementor-top-section elementor-element elementor-element-aa0e5b9 elementor-section-boxed elementor-section-height-default elementor-section-height-default\" data-id=\"aa0e5b9\" data-element_type=\"section\" data-e-type=\"section\">\n\t\t\t\t\t\t<div class=\"elementor-container elementor-column-gap-default\">\n\t\t\t\t\t<div class=\"elementor-column elementor-col-100 elementor-top-column elementor-element elementor-element-62a840e7\" data-id=\"62a840e7\" data-element_type=\"column\" data-e-type=\"column\">\n\t\t\t<div class=\"elementor-widget-wrap elementor-element-populated\">\n\t\t\t\t\t\t<div class=\"elementor-element elementor-element-50ae0394 elementor-widget elementor-widget-text-editor\" data-id=\"50ae0394\" data-element_type=\"widget\" data-e-type=\"widget\" data-widget_type=\"text-editor.default\">\n\t\t\t\t<div class=\"elementor-widget-container\">\n\t\t\t\t\t\t\t\t\t<div class=\"cli_pg_page_contaner\"><h3>\u00c0 propos de la politique des cookies<\/h3><div>Cette politique de cookies explique ce que sont les cookies et comment nous les utilisons. Vous devez lire cette politique pour comprendre ce que sont les cookies, comment nous les utilisons, les types de cookies que nous utilisons, c&rsquo;est-\u00e0-dire les informations que nous recueillons \u00e0 l&rsquo;aide de cookies et comment ces informations sont utilis\u00e9es et comment contr\u00f4ler les pr\u00e9f\u00e9rences en mati\u00e8re de cookies.\u00a0<\/div><div><span style=\"font-size: 15px;\">Pour plus d&rsquo;informations sur la fa\u00e7on dont nous utilisons, stockons et prot\u00e9geons vos donn\u00e9es personnelles, consultez notre Politique de confidentialit\u00e9.\u00a0<\/span><\/div><div><span style=\"font-size: 15px;\">Vous pouvez \u00e0 tout moment modifier ou retirer votre consentement de la D\u00e9claration sur les cookies sur notre site internet.<\/span><\/div><div>Votre consentement s&rsquo;applique au site internet suivant :\u00a0<a href=\"http:\/\/poleressourceshandicap49.fr\" target=\"_blank\" rel=\"noopener\">poleressourceshandicap49.fr<\/a>\u00a0<div class=\"cli_user_consent_state\">Votre \u00e9tat actuel\u00a0: Aucun consentement donn\u00e9. <a class=\"cli_manage_current_consent\" style=\"cursor:pointer;text-decoration:underline;\">G\u00e9rez votre consentement.<\/a> <\/div><\/div><div>\u00a0<\/div><h3>Les cookies, c&rsquo;est quoi ?<\/h3><div>Les cookies sont de petits fichiers texte utilis\u00e9s pour stocker de petites informations. Les cookies sont stock\u00e9s sur votre appareil lorsque le site Web est charg\u00e9 sur votre navigateur. Ces cookies nous aident \u00e0 faire fonctionner le site Web correctement, \u00e0 rendre le site Web plus s\u00fbr, \u00e0 offrir une meilleure exp\u00e9rience utilisateur et \u00e0 comprendre comment le site Web fonctionne et \u00e0 analyser ce qui fonctionne et o\u00f9 il doit \u00eatre am\u00e9lior\u00e9.<\/div><div>\u00a0<\/div><h3>Comment utilisons-nous les cookies ?<\/h3><div><p><span style=\"font-size: 15px;\">Comme la plupart des services en ligne, notre site internet utilise des cookies n\u00e9cessaires et des cookies tiers \u00e0 plusieurs fins. Les cookies n\u00e9cessaires sont principalement utiles au fonctionnement du site internet et ne collectent aucune de vos donn\u00e9es personnelles identifiables.<\/span><\/p><p>Les cookies tiers utilis\u00e9s sur notre site internet sont principalement utilis\u00e9s pour comprendre comment le site internet fonctionne, comment vous interagissez avec notre site, garder nos services en s\u00e9curit\u00e9, et dans l&rsquo;ensemble vous fournir une meilleure exp\u00e9rience utilisateur sur notre site internet.<\/p><\/div><h3>Quels types de cookies utilisons-nous ?<\/h3><div><p><span style=\"font-size: 15px;\">N\u00e9cessaires : Certains cookies sont essentiels pour que vous puissiez profiter de toutes les fonctionnalit\u00e9s de notre site. Ils nous permettent de maintenir des sessions utilisateur et de pr\u00e9venir toute menace de s\u00e9curit\u00e9. Ils ne collectent ni ne stockent aucune information personnelle.\u00a0<\/span><\/p><p>Statistiques : Ces cookies stockent des informations telles que le nombre de visiteurs du site internet, le nombre de visiteurs uniques, les pages du site qui ont \u00e9t\u00e9 visit\u00e9es, la source de la visite, etc. Ces donn\u00e9es nous aident \u00e0 comprendre et \u00e0 analyser la performance du site et o\u00f9 il doit \u00eatre am\u00e9lior\u00e9.<\/p><p>Fonctionnels : ce sont les cookies qui aident certaines fonctionnalit\u00e9s non essentielles de notre site internet. Ces fonctionnalit\u00e9s incluent l&rsquo;int\u00e9gration de contenu comme des vid\u00e9os ou le partage de contenu sur le site sur des plateformes de m\u00e9dias sociaux.<\/p><p>Pr\u00e9f\u00e9rences : Ces cookies nous aident \u00e0 stocker vos param\u00e8tres et pr\u00e9f\u00e9rences de navigation comme les pr\u00e9f\u00e9rences linguistiques afin que vous ayez une meilleure exp\u00e9rience lors de vos futures visites sur le site.<\/p><p><span style=\"font-size: 15px;\"><\/span><\/p><\/div><h3>Comment puis-je contr\u00f4ler les pr\u00e9f\u00e9rences des cookies ?<\/h3><div><p><span style=\"font-size: 15px;\">Si vous d\u00e9cidez de modifier vos pr\u00e9f\u00e9rences ult\u00e9rieurement lors de votre session de navigation, vous pouvez cliquer sur l&rsquo;onglet \u00ab\u00a0Politique de confidentialit\u00e9 et cookies\u00a0\u00bb sur votre \u00e9cran. Cela affichera \u00e0 nouveau l&rsquo;avis de consentement vous permettant de modifier vos pr\u00e9f\u00e9rences ou de retirer votre consentement enti\u00e8rement.<\/span><\/p><p>En plus de cela, diff\u00e9rents navigateurs proposent diff\u00e9rentes m\u00e9thodes pour bloquer et supprimer les cookies utilis\u00e9s par les sites internet. Vous pouvez modifier les param\u00e8tres de votre navigateur pour bloquer \/ supprimer les cookies. Pour en savoir plus sur la gestion et la suppression des cookies, visitez wikipedia.org :\u00a0\u00a0<a style=\"font-size: 15px; background-color: #ffffff;\" href=\"http:\/\/allaboutcookies.org\/fr\/\" target=\"_blank\" rel=\"noopener\">allaboutcookies.org\/fr\/<\/a><\/p><\/div><\/div>\t\t\t\t\t\t\t\t<\/div>\n\t\t\t\t<\/div>\n\t\t\t\t\t<\/div>\n\t\t<\/div>\n\t\t\t\t\t<\/div>\n\t\t<\/section>\n\t\t\t\t<\/div>\n\t\t","protected":false},"excerpt":{"rendered":"<p>Les Cookies \u00c0 propos de la politique des cookies Cette politique de cookies explique ce que sont les cookies et comment nous les utilisons. Vous devez lire cette politique pour comprendre ce que sont les cookies, comment nous les utilisons, les types de cookies que nous utilisons, c&rsquo;est-\u00e0-dire les informations que nous recueillons \u00e0 l&rsquo;aide &hellip;<\/p>\n<p class=\"read-more\"> <a class=\"\" href=\"https:\/\/poleressourceshandicap49.fr\/index.php\/cookies\/\"> <span class=\"screen-reader-text\">Cookies<\/span> Lire la suite\u00a0\u00bb<\/a><\/p>\n","protected":false},"author":1,"featured_media":0,"parent":0,"menu_order":0,"comment_status":"closed","ping_status":"closed","template":"elementor_header_footer","meta":{"site-sidebar-layout":"default","site-content-layout":"default","ast-main-header-display":"","ast-hfb-above-header-display":"","ast-hfb-below-header-display":"","ast-hfb-mobile-header-display":"","site-post-title":"","ast-breadcrumbs-content":"","ast-featured-img":"","footer-sml-layout":"","theme-transparent-header-meta":"default","adv-header-id-meta":"","stick-header-meta":"","header-above-stick-meta":"","header-main-stick-meta":"","header-below-stick-meta":"","footnotes":""},"class_list":["post-1726","page","type-page","status-publish","hentry"],"yoast_head":"<!-- This site is optimized with the Yoast SEO plugin v27.4 - https:\/\/yoast.com\/product\/yoast-seo-wordpress\/ -->\n<title>Cookies - P\u00f4le d&#039;Appui et de Ressources Handicap 49<\/title>\n<meta name=\"robots\" content=\"index, follow, max-snippet:-1, max-image-preview:large, max-video-preview:-1\" \/>\n<link rel=\"canonical\" href=\"https:\/\/poleressourceshandicap49.fr\/index.php\/cookies\/\" \/>\n<meta property=\"og:locale\" content=\"fr_FR\" \/>\n<meta property=\"og:type\" content=\"article\" \/>\n<meta property=\"og:title\" content=\"Cookies - P\u00f4le d&#039;Appui et de Ressources Handicap 49\" \/>\n<meta property=\"og:description\" content=\"Les Cookies \u00c0 propos de la politique des cookies Cette politique de cookies explique ce que sont les cookies et comment nous les utilisons. Vous devez lire cette politique pour comprendre ce que sont les cookies, comment nous les utilisons, les types de cookies que nous utilisons, c&rsquo;est-\u00e0-dire les informations que nous recueillons \u00e0 l&rsquo;aide &hellip; Cookies Lire la suite\u00a0\u00bb\" \/>\n<meta property=\"og:url\" content=\"https:\/\/poleressourceshandicap49.fr\/index.php\/cookies\/\" \/>\n<meta property=\"og:site_name\" content=\"P\u00f4le d&#039;Appui et de Ressources Handicap 49\" \/>\n<meta property=\"article:publisher\" content=\"https:\/\/www.facebook.com\/P%c3%b4le-dAppui-et-de-Ressources-Handicap-49-108917610902286\" \/>\n<meta property=\"article:modified_time\" content=\"2020-06-26T08:49:31+00:00\" \/>\n<meta name=\"twitter:card\" content=\"summary_large_image\" \/>\n<meta name=\"twitter:label1\" content=\"Dur\u00e9e de lecture estim\u00e9e\" \/>\n\t<meta name=\"twitter:data1\" content=\"3 minutes\" \/>\n<script type=\"application\/ld+json\" class=\"yoast-schema-graph\">{\"@context\":\"https:\\\/\\\/schema.org\",\"@graph\":[{\"@type\":\"WebPage\",\"@id\":\"https:\\\/\\\/poleressourceshandicap49.fr\\\/index.php\\\/cookies\\\/\",\"url\":\"https:\\\/\\\/poleressourceshandicap49.fr\\\/index.php\\\/cookies\\\/\",\"name\":\"Cookies - P\u00f4le d&#039;Appui et de Ressources Handicap 49\",\"isPartOf\":{\"@id\":\"https:\\\/\\\/poleressourceshandicap49.fr\\\/#website\"},\"datePublished\":\"2020-06-25T15:14:54+00:00\",\"dateModified\":\"2020-06-26T08:49:31+00:00\",\"breadcrumb\":{\"@id\":\"https:\\\/\\\/poleressourceshandicap49.fr\\\/index.php\\\/cookies\\\/#breadcrumb\"},\"inLanguage\":\"fr-FR\",\"potentialAction\":[{\"@type\":\"ReadAction\",\"target\":[\"https:\\\/\\\/poleressourceshandicap49.fr\\\/index.php\\\/cookies\\\/\"]}]},{\"@type\":\"BreadcrumbList\",\"@id\":\"https:\\\/\\\/poleressourceshandicap49.fr\\\/index.php\\\/cookies\\\/#breadcrumb\",\"itemListElement\":[{\"@type\":\"ListItem\",\"position\":1,\"name\":\"Accueil\",\"item\":\"https:\\\/\\\/poleressourceshandicap49.fr\\\/\"},{\"@type\":\"ListItem\",\"position\":2,\"name\":\"Cookies\"}]},{\"@type\":\"WebSite\",\"@id\":\"https:\\\/\\\/poleressourceshandicap49.fr\\\/#website\",\"url\":\"https:\\\/\\\/poleressourceshandicap49.fr\\\/\",\"name\":\"P\u00f4le d'Appui et de Ressources Handicap 49\",\"description\":\"Service d\u00e9di\u00e9 aux familles et aux professionnels de la petite enfance, de l animation et de clubs sportifs\",\"publisher\":{\"@id\":\"https:\\\/\\\/poleressourceshandicap49.fr\\\/#organization\"},\"potentialAction\":[{\"@type\":\"SearchAction\",\"target\":{\"@type\":\"EntryPoint\",\"urlTemplate\":\"https:\\\/\\\/poleressourceshandicap49.fr\\\/?s={search_term_string}\"},\"query-input\":{\"@type\":\"PropertyValueSpecification\",\"valueRequired\":true,\"valueName\":\"search_term_string\"}}],\"inLanguage\":\"fr-FR\"},{\"@type\":\"Organization\",\"@id\":\"https:\\\/\\\/poleressourceshandicap49.fr\\\/#organization\",\"name\":\"P\u00f4le d'Appui et de Ressources Handicap 49\",\"url\":\"https:\\\/\\\/poleressourceshandicap49.fr\\\/\",\"logo\":{\"@type\":\"ImageObject\",\"inLanguage\":\"fr-FR\",\"@id\":\"https:\\\/\\\/poleressourceshandicap49.fr\\\/#\\\/schema\\\/logo\\\/image\\\/\",\"url\":\"http:\\\/\\\/poleressourceshandicap49.fr\\\/wp-content\\\/uploads\\\/2020\\\/06\\\/Logo-Pole-dAppui-et-de-Ressources-Handicap-49-scaled-e1592996402341.jpg\",\"contentUrl\":\"http:\\\/\\\/poleressourceshandicap49.fr\\\/wp-content\\\/uploads\\\/2020\\\/06\\\/Logo-Pole-dAppui-et-de-Ressources-Handicap-49-scaled-e1592996402341.jpg\",\"width\":200,\"height\":211,\"caption\":\"P\u00f4le d'Appui et de Ressources Handicap 49\"},\"image\":{\"@id\":\"https:\\\/\\\/poleressourceshandicap49.fr\\\/#\\\/schema\\\/logo\\\/image\\\/\"},\"sameAs\":[\"https:\\\/\\\/www.facebook.com\\\/P\u00f4le-dAppui-et-de-Ressources-Handicap-49-108917610902286\",\"https:\\\/\\\/www.youtube.com\\\/channel\\\/UCM1d4YPElEjLn1TAOvP7OtA\\\/\"]}]}<\/script>\n<!-- \/ Yoast SEO plugin. -->","yoast_head_json":{"title":"Cookies - P\u00f4le d&#039;Appui et de Ressources Handicap 49","robots":{"index":"index","follow":"follow","max-snippet":"max-snippet:-1","max-image-preview":"max-image-preview:large","max-video-preview":"max-video-preview:-1"},"canonical":"https:\/\/poleressourceshandicap49.fr\/index.php\/cookies\/","og_locale":"fr_FR","og_type":"article","og_title":"Cookies - P\u00f4le d&#039;Appui et de Ressources Handicap 49","og_description":"Les Cookies \u00c0 propos de la politique des cookies Cette politique de cookies explique ce que sont les cookies et comment nous les utilisons. Vous devez lire cette politique pour comprendre ce que sont les cookies, comment nous les utilisons, les types de cookies que nous utilisons, c&rsquo;est-\u00e0-dire les informations que nous recueillons \u00e0 l&rsquo;aide &hellip; Cookies Lire la suite\u00a0\u00bb","og_url":"https:\/\/poleressourceshandicap49.fr\/index.php\/cookies\/","og_site_name":"P\u00f4le d&#039;Appui et de Ressources Handicap 49","article_publisher":"https:\/\/www.facebook.com\/P%c3%b4le-dAppui-et-de-Ressources-Handicap-49-108917610902286","article_modified_time":"2020-06-26T08:49:31+00:00","twitter_card":"summary_large_image","twitter_misc":{"Dur\u00e9e de lecture estim\u00e9e":"3 minutes"},"schema":{"@context":"https:\/\/schema.org","@graph":[{"@type":"WebPage","@id":"https:\/\/poleressourceshandicap49.fr\/index.php\/cookies\/","url":"https:\/\/poleressourceshandicap49.fr\/index.php\/cookies\/","name":"Cookies - P\u00f4le d&#039;Appui et de Ressources Handicap 49","isPartOf":{"@id":"https:\/\/poleressourceshandicap49.fr\/#website"},"datePublished":"2020-06-25T15:14:54+00:00","dateModified":"2020-06-26T08:49:31+00:00","breadcrumb":{"@id":"https:\/\/poleressourceshandicap49.fr\/index.php\/cookies\/#breadcrumb"},"inLanguage":"fr-FR","potentialAction":[{"@type":"ReadAction","target":["https:\/\/poleressourceshandicap49.fr\/index.php\/cookies\/"]}]},{"@type":"BreadcrumbList","@id":"https:\/\/poleressourceshandicap49.fr\/index.php\/cookies\/#breadcrumb","itemListElement":[{"@type":"ListItem","position":1,"name":"Accueil","item":"https:\/\/poleressourceshandicap49.fr\/"},{"@type":"ListItem","position":2,"name":"Cookies"}]},{"@type":"WebSite","@id":"https:\/\/poleressourceshandicap49.fr\/#website","url":"https:\/\/poleressourceshandicap49.fr\/","name":"P\u00f4le d'Appui et de Ressources Handicap 49","description":"Service d\u00e9di\u00e9 aux familles et aux professionnels de la petite enfance, de l animation et de clubs sportifs","publisher":{"@id":"https:\/\/poleressourceshandicap49.fr\/#organization"},"potentialAction":[{"@type":"SearchAction","target":{"@type":"EntryPoint","urlTemplate":"https:\/\/poleressourceshandicap49.fr\/?s={search_term_string}"},"query-input":{"@type":"PropertyValueSpecification","valueRequired":true,"valueName":"search_term_string"}}],"inLanguage":"fr-FR"},{"@type":"Organization","@id":"https:\/\/poleressourceshandicap49.fr\/#organization","name":"P\u00f4le d'Appui et de Ressources Handicap 49","url":"https:\/\/poleressourceshandicap49.fr\/","logo":{"@type":"ImageObject","inLanguage":"fr-FR","@id":"https:\/\/poleressourceshandicap49.fr\/#\/schema\/logo\/image\/","url":"http:\/\/poleressourceshandicap49.fr\/wp-content\/uploads\/2020\/06\/Logo-Pole-dAppui-et-de-Ressources-Handicap-49-scaled-e1592996402341.jpg","contentUrl":"http:\/\/poleressourceshandicap49.fr\/wp-content\/uploads\/2020\/06\/Logo-Pole-dAppui-et-de-Ressources-Handicap-49-scaled-e1592996402341.jpg","width":200,"height":211,"caption":"P\u00f4le d'Appui et de Ressources Handicap 49"},"image":{"@id":"https:\/\/poleressourceshandicap49.fr\/#\/schema\/logo\/image\/"},"sameAs":["https:\/\/www.facebook.com\/P\u00f4le-dAppui-et-de-Ressources-Handicap-49-108917610902286","https:\/\/www.youtube.com\/channel\/UCM1d4YPElEjLn1TAOvP7OtA\/"]}]}},"_links":{"self":[{"href":"https:\/\/poleressourceshandicap49.fr\/index.php\/wp-json\/wp\/v2\/pages\/1726","targetHints":{"allow":["GET"]}}],"collection":[{"href":"https:\/\/poleressourceshandicap49.fr\/index.php\/wp-json\/wp\/v2\/pages"}],"about":[{"href":"https:\/\/poleressourceshandicap49.fr\/index.php\/wp-json\/wp\/v2\/types\/page"}],"author":[{"embeddable":true,"href":"https:\/\/poleressourceshandicap49.fr\/index.php\/wp-json\/wp\/v2\/users\/1"}],"replies":[{"embeddable":true,"href":"https:\/\/poleressourceshandicap49.fr\/index.php\/wp-json\/wp\/v2\/comments?post=1726"}],"version-history":[{"count":7,"href":"https:\/\/poleressourceshandicap49.fr\/index.php\/wp-json\/wp\/v2\/pages\/1726\/revisions"}],"predecessor-version":[{"id":1736,"href":"https:\/\/poleressourceshandicap49.fr\/index.php\/wp-json\/wp\/v2\/pages\/1726\/revisions\/1736"}],"wp:attachment":[{"href":"https:\/\/poleressourceshandicap49.fr\/index.php\/wp-json\/wp\/v2\/media?parent=1726"}],"curies":[{"name":"wp","href":"https:\/\/api.w.org\/{rel}","templated":true}]}}