{"id":1418,"date":"2020-06-23T10:07:04","date_gmt":"2020-06-23T08:07:04","guid":{"rendered":"http:\/\/poleressourceshandicap49.fr\/?page_id=1418"},"modified":"2020-08-19T10:02:24","modified_gmt":"2020-08-19T08:02:24","slug":"notre-projet","status":"publish","type":"page","link":"https:\/\/poleressourceshandicap49.fr\/index.php\/notre-projet\/","title":{"rendered":"Notre projet"},"content":{"rendered":"\t\t<div data-elementor-type=\"wp-page\" data-elementor-id=\"1418\" class=\"elementor elementor-1418\">\n\t\t\t\t\t\t<section class=\"elementor-section elementor-top-section elementor-element elementor-element-73f05c38 elementor-section-content-middle elementor-section-stretched elementor-section-boxed elementor-section-height-default elementor-section-height-default\" data-id=\"73f05c38\" data-element_type=\"section\" data-e-type=\"section\" data-settings=\"{&quot;background_background&quot;:&quot;classic&quot;,&quot;stretch_section&quot;:&quot;section-stretched&quot;}\">\n\t\t\t\t\t\t\t<div class=\"elementor-background-overlay\"><\/div>\n\t\t\t\t\t\t\t<div class=\"elementor-container elementor-column-gap-wide\">\n\t\t\t\t\t<div class=\"elementor-column elementor-col-100 elementor-top-column elementor-element elementor-element-7c23f07d\" data-id=\"7c23f07d\" data-element_type=\"column\" data-e-type=\"column\">\n\t\t\t<div class=\"elementor-widget-wrap elementor-element-populated\">\n\t\t\t\t\t\t<div class=\"elementor-element elementor-element-c966bbc elementor-widget elementor-widget-heading\" data-id=\"c966bbc\" data-element_type=\"widget\" data-e-type=\"widget\" data-widget_type=\"heading.default\">\n\t\t\t\t<div class=\"elementor-widget-container\">\n\t\t\t\t\t<h2 class=\"elementor-heading-title elementor-size-default\">Notre projet<\/h2>\t\t\t\t<\/div>\n\t\t\t\t<\/div>\n\t\t\t\t<div class=\"elementor-element elementor-element-15e69f1f elementor-widget-divider--view-line elementor-widget elementor-widget-divider\" data-id=\"15e69f1f\" data-element_type=\"widget\" data-e-type=\"widget\" data-widget_type=\"divider.default\">\n\t\t\t\t<div class=\"elementor-widget-container\">\n\t\t\t\t\t\t\t<div class=\"elementor-divider\">\n\t\t\t<span class=\"elementor-divider-separator\">\n\t\t\t\t\t\t<\/span>\n\t\t<\/div>\n\t\t\t\t\t\t<\/div>\n\t\t\t\t<\/div>\n\t\t\t\t<div class=\"elementor-element elementor-element-2de1c71d elementor-widget elementor-widget-heading\" data-id=\"2de1c71d\" data-element_type=\"widget\" data-e-type=\"widget\" data-widget_type=\"heading.default\">\n\t\t\t\t<div class=\"elementor-widget-container\">\n\t\t\t\t\t<h3 class=\"elementor-heading-title elementor-size-default\">Le P\u00f4le d'Appui et de Ressources Handicap 49<\/h3>\t\t\t\t<\/div>\n\t\t\t\t<\/div>\n\t\t\t\t\t<\/div>\n\t\t<\/div>\n\t\t\t\t\t<\/div>\n\t\t<\/section>\n\t\t\t\t<section class=\"elementor-section elementor-top-section elementor-element elementor-element-3429653 elementor-section-boxed elementor-section-height-default elementor-section-height-default\" data-id=\"3429653\" data-element_type=\"section\" data-e-type=\"section\">\n\t\t\t\t\t\t<div class=\"elementor-container elementor-column-gap-default\">\n\t\t\t\t\t<div class=\"elementor-column elementor-col-100 elementor-top-column elementor-element elementor-element-8c5cdef\" data-id=\"8c5cdef\" data-element_type=\"column\" data-e-type=\"column\">\n\t\t\t<div class=\"elementor-widget-wrap elementor-element-populated\">\n\t\t\t\t\t\t<div class=\"elementor-element elementor-element-2c8854e elementor-widget elementor-widget-text-editor\" data-id=\"2c8854e\" data-element_type=\"widget\" data-e-type=\"widget\" data-widget_type=\"text-editor.default\">\n\t\t\t\t<div class=\"elementor-widget-container\">\n\t\t\t\t\t\t\t\t\t<p>Le P\u00f4le d&rsquo;Appui et de Ressources Handicap 49 assure une mission d&rsquo;accueil, d&rsquo;information, d&rsquo;orientation et de soutien en direction des familles, des assistant\u00b7e\u00b7s maternel\u00b7le\u00b7s et des professionnel\u00b7le\u00b7s des structures d&rsquo;accueil du jeune enfant, des accueils de loisirs p\u00e9riscolaires \/ extrascolaires et des clubs sportifs.<\/p>\t\t\t\t\t\t\t\t<\/div>\n\t\t\t\t<\/div>\n\t\t\t\t\t<\/div>\n\t\t<\/div>\n\t\t\t\t\t<\/div>\n\t\t<\/section>\n\t\t\t\t<section class=\"elementor-section elementor-top-section elementor-element elementor-element-28eb775 elementor-section-boxed elementor-section-height-default elementor-section-height-default\" data-id=\"28eb775\" data-element_type=\"section\" data-e-type=\"section\">\n\t\t\t\t\t\t<div class=\"elementor-container elementor-column-gap-default\">\n\t\t\t\t\t<div class=\"elementor-column elementor-col-50 elementor-top-column elementor-element elementor-element-6af5e11\" data-id=\"6af5e11\" data-element_type=\"column\" data-e-type=\"column\">\n\t\t\t<div class=\"elementor-widget-wrap elementor-element-populated\">\n\t\t\t\t\t\t<div class=\"elementor-element elementor-element-0f6ca7e elementor-widget elementor-widget-image\" data-id=\"0f6ca7e\" data-element_type=\"widget\" data-e-type=\"widget\" data-widget_type=\"image.default\">\n\t\t\t\t<div class=\"elementor-widget-container\">\n\t\t\t\t\t\t\t\t\t\t\t\t\t\t\t\t<a href=\"http:\/\/poleressourceshandicap49.fr\/index.php\/qui-sommes-nous\/\">\n\t\t\t\t\t\t\t<img decoding=\"async\" src=\"https:\/\/poleressourceshandicap49.fr\/wp-content\/uploads\/2020\/06\/Notre-projet_site-web-PARH_Qui-sommes-nous-e1660123687935.png\" title=\"Notre projet_site web PARH_Qui sommes-nous\" alt=\"Notre projet_site web PARH_Qui sommes-nous\" loading=\"lazy\" \/>\t\t\t\t\t\t\t\t<\/a>\n\t\t\t\t\t\t\t\t\t\t\t\t\t\t\t<\/div>\n\t\t\t\t<\/div>\n\t\t\t\t\t<\/div>\n\t\t<\/div>\n\t\t\t\t<div class=\"elementor-column elementor-col-50 elementor-top-column elementor-element elementor-element-c614578\" data-id=\"c614578\" data-element_type=\"column\" data-e-type=\"column\">\n\t\t\t<div class=\"elementor-widget-wrap elementor-element-populated\">\n\t\t\t\t\t\t<div class=\"elementor-element elementor-element-b9d0e99 elementor-widget elementor-widget-image\" data-id=\"b9d0e99\" data-element_type=\"widget\" data-e-type=\"widget\" data-widget_type=\"image.default\">\n\t\t\t\t<div class=\"elementor-widget-container\">\n\t\t\t\t\t\t\t\t\t\t\t\t\t\t\t\t<a href=\"http:\/\/poleressourceshandicap49.fr\/index.php\/nos-partenaires\/\">\n\t\t\t\t\t\t\t<img decoding=\"async\" src=\"https:\/\/poleressourceshandicap49.fr\/wp-content\/uploads\/2020\/06\/Notre-projet_site-web-PARH_Nos-partenaires-e1660123710842.png\" title=\"Notre projet_site web PARH_Nos partenaires\" alt=\"Notre projet_site web PARH_Nos partenaires\" loading=\"lazy\" \/>\t\t\t\t\t\t\t\t<\/a>\n\t\t\t\t\t\t\t\t\t\t\t\t\t\t\t<\/div>\n\t\t\t\t<\/div>\n\t\t\t\t\t<\/div>\n\t\t<\/div>\n\t\t\t\t\t<\/div>\n\t\t<\/section>\n\t\t\t\t<\/div>\n\t\t","protected":false},"excerpt":{"rendered":"<p>Notre projet Le P\u00f4le d&rsquo;Appui et de Ressources Handicap 49 Le P\u00f4le d&rsquo;Appui et de Ressources Handicap 49 assure une mission d&rsquo;accueil, d&rsquo;information, d&rsquo;orientation et de soutien en direction des familles, des assistant\u00b7e\u00b7s maternel\u00b7le\u00b7s et des professionnel\u00b7le\u00b7s des structures d&rsquo;accueil du jeune enfant, des accueils de loisirs p\u00e9riscolaires \/ extrascolaires et des clubs sportifs.<\/p>\n","protected":false},"author":1,"featured_media":0,"parent":0,"menu_order":0,"comment_status":"closed","ping_status":"closed","template":"","meta":{"site-sidebar-layout":"no-sidebar","site-content-layout":"page-builder","ast-main-header-display":"","ast-hfb-above-header-display":"","ast-hfb-below-header-display":"","ast-hfb-mobile-header-display":"","site-post-title":"disabled","ast-breadcrumbs-content":"","ast-featured-img":"disabled","footer-sml-layout":"","theme-transparent-header-meta":"default","adv-header-id-meta":"","stick-header-meta":"","header-above-stick-meta":"","header-main-stick-meta":"","header-below-stick-meta":"","footnotes":""},"class_list":["post-1418","page","type-page","status-publish","hentry"],"yoast_head":"<!-- This site is optimized with the Yoast SEO plugin v27.4 - https:\/\/yoast.com\/product\/yoast-seo-wordpress\/ -->\n<title>Notre projet - P\u00f4le d&#039;Appui et de Ressources Handicap 49<\/title>\n<meta name=\"robots\" content=\"index, follow, max-snippet:-1, max-image-preview:large, max-video-preview:-1\" \/>\n<link rel=\"canonical\" href=\"https:\/\/poleressourceshandicap49.fr\/index.php\/notre-projet\/\" \/>\n<meta property=\"og:locale\" content=\"fr_FR\" \/>\n<meta property=\"og:type\" content=\"article\" \/>\n<meta property=\"og:title\" content=\"Notre projet - P\u00f4le d&#039;Appui et de Ressources Handicap 49\" \/>\n<meta property=\"og:description\" content=\"Notre projet Le P\u00f4le d&rsquo;Appui et de Ressources Handicap 49 Le P\u00f4le d&rsquo;Appui et de Ressources Handicap 49 assure une mission d&rsquo;accueil, d&rsquo;information, d&rsquo;orientation et de soutien en direction des familles, des assistant\u00b7e\u00b7s maternel\u00b7le\u00b7s et des professionnel\u00b7le\u00b7s des structures d&rsquo;accueil du jeune enfant, des accueils de loisirs p\u00e9riscolaires \/ extrascolaires et des clubs sportifs.\" \/>\n<meta property=\"og:url\" content=\"https:\/\/poleressourceshandicap49.fr\/index.php\/notre-projet\/\" \/>\n<meta property=\"og:site_name\" content=\"P\u00f4le d&#039;Appui et de Ressources Handicap 49\" \/>\n<meta property=\"article:publisher\" content=\"https:\/\/www.facebook.com\/P%c3%b4le-dAppui-et-de-Ressources-Handicap-49-108917610902286\" \/>\n<meta property=\"article:modified_time\" content=\"2020-08-19T08:02:24+00:00\" \/>\n<meta property=\"og:image\" content=\"http:\/\/poleressourceshandicap49.fr\/wp-content\/uploads\/elementor\/thumbs\/Notre-projet_site-web-PARH_Qui-sommes-nous-orhli9ucxvsonl5ivrrx9z5hj4uq4688h9vqcjg54g.png\" \/>\n<meta name=\"twitter:card\" content=\"summary_large_image\" \/>\n<script type=\"application\/ld+json\" class=\"yoast-schema-graph\">{\"@context\":\"https:\\\/\\\/schema.org\",\"@graph\":[{\"@type\":\"WebPage\",\"@id\":\"https:\\\/\\\/poleressourceshandicap49.fr\\\/index.php\\\/notre-projet\\\/\",\"url\":\"https:\\\/\\\/poleressourceshandicap49.fr\\\/index.php\\\/notre-projet\\\/\",\"name\":\"Notre projet - P\u00f4le d&#039;Appui et de Ressources Handicap 49\",\"isPartOf\":{\"@id\":\"https:\\\/\\\/poleressourceshandicap49.fr\\\/#website\"},\"primaryImageOfPage\":{\"@id\":\"https:\\\/\\\/poleressourceshandicap49.fr\\\/index.php\\\/notre-projet\\\/#primaryimage\"},\"image\":{\"@id\":\"https:\\\/\\\/poleressourceshandicap49.fr\\\/index.php\\\/notre-projet\\\/#primaryimage\"},\"thumbnailUrl\":\"http:\\\/\\\/poleressourceshandicap49.fr\\\/wp-content\\\/uploads\\\/elementor\\\/thumbs\\\/Notre-projet_site-web-PARH_Qui-sommes-nous-orhli9ucxvsonl5ivrrx9z5hj4uq4688h9vqcjg54g.png\",\"datePublished\":\"2020-06-23T08:07:04+00:00\",\"dateModified\":\"2020-08-19T08:02:24+00:00\",\"breadcrumb\":{\"@id\":\"https:\\\/\\\/poleressourceshandicap49.fr\\\/index.php\\\/notre-projet\\\/#breadcrumb\"},\"inLanguage\":\"fr-FR\",\"potentialAction\":[{\"@type\":\"ReadAction\",\"target\":[\"https:\\\/\\\/poleressourceshandicap49.fr\\\/index.php\\\/notre-projet\\\/\"]}]},{\"@type\":\"ImageObject\",\"inLanguage\":\"fr-FR\",\"@id\":\"https:\\\/\\\/poleressourceshandicap49.fr\\\/index.php\\\/notre-projet\\\/#primaryimage\",\"url\":\"http:\\\/\\\/poleressourceshandicap49.fr\\\/wp-content\\\/uploads\\\/elementor\\\/thumbs\\\/Notre-projet_site-web-PARH_Qui-sommes-nous-orhli9ucxvsonl5ivrrx9z5hj4uq4688h9vqcjg54g.png\",\"contentUrl\":\"http:\\\/\\\/poleressourceshandicap49.fr\\\/wp-content\\\/uploads\\\/elementor\\\/thumbs\\\/Notre-projet_site-web-PARH_Qui-sommes-nous-orhli9ucxvsonl5ivrrx9z5hj4uq4688h9vqcjg54g.png\"},{\"@type\":\"BreadcrumbList\",\"@id\":\"https:\\\/\\\/poleressourceshandicap49.fr\\\/index.php\\\/notre-projet\\\/#breadcrumb\",\"itemListElement\":[{\"@type\":\"ListItem\",\"position\":1,\"name\":\"Accueil\",\"item\":\"https:\\\/\\\/poleressourceshandicap49.fr\\\/\"},{\"@type\":\"ListItem\",\"position\":2,\"name\":\"Notre projet\"}]},{\"@type\":\"WebSite\",\"@id\":\"https:\\\/\\\/poleressourceshandicap49.fr\\\/#website\",\"url\":\"https:\\\/\\\/poleressourceshandicap49.fr\\\/\",\"name\":\"P\u00f4le d'Appui et de Ressources Handicap 49\",\"description\":\"Service d\u00e9di\u00e9 aux familles et aux professionnels de la petite enfance, de l animation et de clubs sportifs\",\"publisher\":{\"@id\":\"https:\\\/\\\/poleressourceshandicap49.fr\\\/#organization\"},\"potentialAction\":[{\"@type\":\"SearchAction\",\"target\":{\"@type\":\"EntryPoint\",\"urlTemplate\":\"https:\\\/\\\/poleressourceshandicap49.fr\\\/?s={search_term_string}\"},\"query-input\":{\"@type\":\"PropertyValueSpecification\",\"valueRequired\":true,\"valueName\":\"search_term_string\"}}],\"inLanguage\":\"fr-FR\"},{\"@type\":\"Organization\",\"@id\":\"https:\\\/\\\/poleressourceshandicap49.fr\\\/#organization\",\"name\":\"P\u00f4le d'Appui et de Ressources Handicap 49\",\"url\":\"https:\\\/\\\/poleressourceshandicap49.fr\\\/\",\"logo\":{\"@type\":\"ImageObject\",\"inLanguage\":\"fr-FR\",\"@id\":\"https:\\\/\\\/poleressourceshandicap49.fr\\\/#\\\/schema\\\/logo\\\/image\\\/\",\"url\":\"http:\\\/\\\/poleressourceshandicap49.fr\\\/wp-content\\\/uploads\\\/2020\\\/06\\\/Logo-Pole-dAppui-et-de-Ressources-Handicap-49-scaled-e1592996402341.jpg\",\"contentUrl\":\"http:\\\/\\\/poleressourceshandicap49.fr\\\/wp-content\\\/uploads\\\/2020\\\/06\\\/Logo-Pole-dAppui-et-de-Ressources-Handicap-49-scaled-e1592996402341.jpg\",\"width\":200,\"height\":211,\"caption\":\"P\u00f4le d'Appui et de Ressources Handicap 49\"},\"image\":{\"@id\":\"https:\\\/\\\/poleressourceshandicap49.fr\\\/#\\\/schema\\\/logo\\\/image\\\/\"},\"sameAs\":[\"https:\\\/\\\/www.facebook.com\\\/P\u00f4le-dAppui-et-de-Ressources-Handicap-49-108917610902286\",\"https:\\\/\\\/www.youtube.com\\\/channel\\\/UCM1d4YPElEjLn1TAOvP7OtA\\\/\"]}]}<\/script>\n<!-- \/ Yoast SEO plugin. -->","yoast_head_json":{"title":"Notre projet - P\u00f4le d&#039;Appui et de Ressources Handicap 49","robots":{"index":"index","follow":"follow","max-snippet":"max-snippet:-1","max-image-preview":"max-image-preview:large","max-video-preview":"max-video-preview:-1"},"canonical":"https:\/\/poleressourceshandicap49.fr\/index.php\/notre-projet\/","og_locale":"fr_FR","og_type":"article","og_title":"Notre projet - P\u00f4le d&#039;Appui et de Ressources Handicap 49","og_description":"Notre projet Le P\u00f4le d&rsquo;Appui et de Ressources Handicap 49 Le P\u00f4le d&rsquo;Appui et de Ressources Handicap 49 assure une mission d&rsquo;accueil, d&rsquo;information, d&rsquo;orientation et de soutien en direction des familles, des assistant\u00b7e\u00b7s maternel\u00b7le\u00b7s et des professionnel\u00b7le\u00b7s des structures d&rsquo;accueil du jeune enfant, des accueils de loisirs p\u00e9riscolaires \/ extrascolaires et des clubs sportifs.","og_url":"https:\/\/poleressourceshandicap49.fr\/index.php\/notre-projet\/","og_site_name":"P\u00f4le d&#039;Appui et de Ressources Handicap 49","article_publisher":"https:\/\/www.facebook.com\/P%c3%b4le-dAppui-et-de-Ressources-Handicap-49-108917610902286","article_modified_time":"2020-08-19T08:02:24+00:00","og_image":[{"url":"http:\/\/poleressourceshandicap49.fr\/wp-content\/uploads\/elementor\/thumbs\/Notre-projet_site-web-PARH_Qui-sommes-nous-orhli9ucxvsonl5ivrrx9z5hj4uq4688h9vqcjg54g.png","type":"","width":"","height":""}],"twitter_card":"summary_large_image","schema":{"@context":"https:\/\/schema.org","@graph":[{"@type":"WebPage","@id":"https:\/\/poleressourceshandicap49.fr\/index.php\/notre-projet\/","url":"https:\/\/poleressourceshandicap49.fr\/index.php\/notre-projet\/","name":"Notre projet - P\u00f4le d&#039;Appui et de Ressources Handicap 49","isPartOf":{"@id":"https:\/\/poleressourceshandicap49.fr\/#website"},"primaryImageOfPage":{"@id":"https:\/\/poleressourceshandicap49.fr\/index.php\/notre-projet\/#primaryimage"},"image":{"@id":"https:\/\/poleressourceshandicap49.fr\/index.php\/notre-projet\/#primaryimage"},"thumbnailUrl":"http:\/\/poleressourceshandicap49.fr\/wp-content\/uploads\/elementor\/thumbs\/Notre-projet_site-web-PARH_Qui-sommes-nous-orhli9ucxvsonl5ivrrx9z5hj4uq4688h9vqcjg54g.png","datePublished":"2020-06-23T08:07:04+00:00","dateModified":"2020-08-19T08:02:24+00:00","breadcrumb":{"@id":"https:\/\/poleressourceshandicap49.fr\/index.php\/notre-projet\/#breadcrumb"},"inLanguage":"fr-FR","potentialAction":[{"@type":"ReadAction","target":["https:\/\/poleressourceshandicap49.fr\/index.php\/notre-projet\/"]}]},{"@type":"ImageObject","inLanguage":"fr-FR","@id":"https:\/\/poleressourceshandicap49.fr\/index.php\/notre-projet\/#primaryimage","url":"http:\/\/poleressourceshandicap49.fr\/wp-content\/uploads\/elementor\/thumbs\/Notre-projet_site-web-PARH_Qui-sommes-nous-orhli9ucxvsonl5ivrrx9z5hj4uq4688h9vqcjg54g.png","contentUrl":"http:\/\/poleressourceshandicap49.fr\/wp-content\/uploads\/elementor\/thumbs\/Notre-projet_site-web-PARH_Qui-sommes-nous-orhli9ucxvsonl5ivrrx9z5hj4uq4688h9vqcjg54g.png"},{"@type":"BreadcrumbList","@id":"https:\/\/poleressourceshandicap49.fr\/index.php\/notre-projet\/#breadcrumb","itemListElement":[{"@type":"ListItem","position":1,"name":"Accueil","item":"https:\/\/poleressourceshandicap49.fr\/"},{"@type":"ListItem","position":2,"name":"Notre projet"}]},{"@type":"WebSite","@id":"https:\/\/poleressourceshandicap49.fr\/#website","url":"https:\/\/poleressourceshandicap49.fr\/","name":"P\u00f4le d'Appui et de Ressources Handicap 49","description":"Service d\u00e9di\u00e9 aux familles et aux professionnels de la petite enfance, de l animation et de clubs sportifs","publisher":{"@id":"https:\/\/poleressourceshandicap49.fr\/#organization"},"potentialAction":[{"@type":"SearchAction","target":{"@type":"EntryPoint","urlTemplate":"https:\/\/poleressourceshandicap49.fr\/?s={search_term_string}"},"query-input":{"@type":"PropertyValueSpecification","valueRequired":true,"valueName":"search_term_string"}}],"inLanguage":"fr-FR"},{"@type":"Organization","@id":"https:\/\/poleressourceshandicap49.fr\/#organization","name":"P\u00f4le d'Appui et de Ressources Handicap 49","url":"https:\/\/poleressourceshandicap49.fr\/","logo":{"@type":"ImageObject","inLanguage":"fr-FR","@id":"https:\/\/poleressourceshandicap49.fr\/#\/schema\/logo\/image\/","url":"http:\/\/poleressourceshandicap49.fr\/wp-content\/uploads\/2020\/06\/Logo-Pole-dAppui-et-de-Ressources-Handicap-49-scaled-e1592996402341.jpg","contentUrl":"http:\/\/poleressourceshandicap49.fr\/wp-content\/uploads\/2020\/06\/Logo-Pole-dAppui-et-de-Ressources-Handicap-49-scaled-e1592996402341.jpg","width":200,"height":211,"caption":"P\u00f4le d'Appui et de Ressources Handicap 49"},"image":{"@id":"https:\/\/poleressourceshandicap49.fr\/#\/schema\/logo\/image\/"},"sameAs":["https:\/\/www.facebook.com\/P\u00f4le-dAppui-et-de-Ressources-Handicap-49-108917610902286","https:\/\/www.youtube.com\/channel\/UCM1d4YPElEjLn1TAOvP7OtA\/"]}]}},"_links":{"self":[{"href":"https:\/\/poleressourceshandicap49.fr\/index.php\/wp-json\/wp\/v2\/pages\/1418","targetHints":{"allow":["GET"]}}],"collection":[{"href":"https:\/\/poleressourceshandicap49.fr\/index.php\/wp-json\/wp\/v2\/pages"}],"about":[{"href":"https:\/\/poleressourceshandicap49.fr\/index.php\/wp-json\/wp\/v2\/types\/page"}],"author":[{"embeddable":true,"href":"https:\/\/poleressourceshandicap49.fr\/index.php\/wp-json\/wp\/v2\/users\/1"}],"replies":[{"embeddable":true,"href":"https:\/\/poleressourceshandicap49.fr\/index.php\/wp-json\/wp\/v2\/comments?post=1418"}],"version-history":[{"count":25,"href":"https:\/\/poleressourceshandicap49.fr\/index.php\/wp-json\/wp\/v2\/pages\/1418\/revisions"}],"predecessor-version":[{"id":2368,"href":"https:\/\/poleressourceshandicap49.fr\/index.php\/wp-json\/wp\/v2\/pages\/1418\/revisions\/2368"}],"wp:attachment":[{"href":"https:\/\/poleressourceshandicap49.fr\/index.php\/wp-json\/wp\/v2\/media?parent=1418"}],"curies":[{"name":"wp","href":"https:\/\/api.w.org\/{rel}","templated":true}]}}